{"id":25,"date":"2016-08-09T07:33:50","date_gmt":"2016-08-09T07:33:50","guid":{"rendered":"https:\/\/themify.me\/demo\/themes\/ultra-restaurant\/?page_id=5628"},"modified":"2023-10-21T19:56:20","modified_gmt":"2023-10-21T22:56:20","slug":"home","status":"publish","type":"page","link":"https:\/\/hotelovejeropatagonico.com\/site\/","title":{"rendered":"Inicio"},"content":{"rendered":"<!--themify_builder_content-->\n<div id=\"themify_builder_content-25\" data-postid=\"25\" class=\"themify_builder_content themify_builder_content-25 themify_builder tf_clear\">\n    \t\t\t\t<!-- module_row -->\n\t\t<div  data-anchor=\"welcome\" data-lazy=\"1\" class=\"module_row themify_builder_row tb_has_section tb_section-welcome tb_l657025 tb_first tf_w tf_clearfix\">\n\t\t<div class=\"builder_row_cover tf_abs\"><\/div>\t\t\t<div class=\"row_inner col_align_top tb_col_count_1 tf_box tf_rel\">\n\t\t\t\t\t<div  data-lazy=\"1\" class=\"module_column tb-column col-full tb_4cki035 first\">\n\t\t\t\t\t\t\t\t\t<div class=\"tb-column-inner tf_box tf_w\">\n\t\t\t\t<!-- module fancy heading -->\n<div  class=\"module module-fancy-heading tb_8z4r000  wow\" data-tf-animation=\"fadeInDown\" data-lazy=\"1\">\n\t    <h2 class=\"fancy-heading tf_textc\">\n    <span class=\"main-head tf_block\">\n\t\t\t\t\t<span class=\"maketable\">\n\t\t\t\t\t\t\t<span class=\"addBorder\"><\/span>\n\t\t\t\t\t\t\t<span class=\"fork-icon\"><\/span>\n\t\t\t\t\t\t\t<span class=\"addBorder\"><\/span>\n\t\t\t\t\t\t\t<\/span>\n\t\t\t\t\t\t\t\u00a1Bienvenido!\n\t\t\t\t\t\t\t<span class=\"bottomBorder\"><\/span>\t\t    <\/span>\n\n\t\n    <span class=\"sub-head tf_block tf_rel\">\n\t\t\t\t\t\t\t    <\/span>\n    <\/h2>\n<\/div>\n<!-- \/module fancy heading -->\n<!-- module text -->\n<div  class=\"module module-text tb_vida355  repeat  wow\" data-tf-animation=\"fadeInDown\" data-lazy=\"1\">\n        <div  class=\"tb_text_wrap\">\n        <\/div>\n<\/div>\n<!-- \/module text -->\t\t\t\t<\/div><!-- .tb-column-inner -->\n\t\t\t\t\t\t<\/div><!-- .module_column -->\n\t\t\t\t\t\t<\/div><!-- .row_inner -->\n\t\t<\/div><!-- .module_row -->\n\t\t\t\t\t\t\t\t<!-- module_row -->\n\t\t<div  data-anchor=\"about\" data-lazy=\"1\" class=\"module_row themify_builder_row tb_has_section tb_section-about tb_3q9d035 tf_w tf_clearfix\">\n\t\t\t\t\t<div class=\"row_inner col_align_top tb_col_count_1 tf_box tf_rel\">\n\t\t\t\t\t<div  data-lazy=\"1\" class=\"module_column tb-column col-full tb_sx7g037 first\">\n\t\t\t\t\t\t\t\t\t<div class=\"tb-column-inner tf_box tf_w\">\n\t\t\t\t<!-- module fancy heading -->\n<div  class=\"module module-fancy-heading tb_oj2g063 \" data-lazy=\"1\">\n\t    <h2 class=\"fancy-heading tf_textc\">\n    <span class=\"main-head tf_block\">\n\t\t\t\t\t<span class=\"maketable\">\n\t\t\t\t\t\t\t<span class=\"addBorder\"><\/span>\n\t\t\t\t\t\t\t<span class=\"fork-icon\"><\/span>\n\t\t\t\t\t\t\t<span class=\"addBorder\"><\/span>\n\t\t\t\t\t\t\t<\/span>\n\t\t\t\t\t\t\tEl Ovejero Patag\u00f3nico\n\t\t\t\t\t\t\t<span class=\"bottomBorder\"><\/span>\t\t    <\/span>\n\n\t\n    <span class=\"sub-head tf_block tf_rel\">\n\t\t\t\t\tNosotros\t\t    <\/span>\n    <\/h2>\n<\/div>\n<!-- \/module fancy heading -->\n<!-- module text -->\n<div  class=\"module module-text tb_cmxm004  repeat  wow\" data-tf-animation=\"fadeInLeft\" data-lazy=\"1\">\n        <div  class=\"tb_text_wrap\">\n    <h5>Un Hotel en medio de la pampa patag\u00f3nica.<\/h5>\n<p>El ovejero patag\u00f3nico es el hombre de campo que cuida el ganado y lo protege de los fr\u00edos m\u00e1s australes. Es un hombre sereno, de pocas palabras, que toma su mate caliente y recorre la pampa en su caballo.<\/p>\n<p>Nuestro hotel le da la bienvenida y le invita a conocer las actividades del campo en pleno Cerro Castillo donde nuestra familia ha trabajado por d\u00e9cadas a s\u00f3lo unos cuantos kil\u00f3metros del parque Nacional Torres del Paine.<\/p>\n<p>El hotel recibe hu\u00e9spedes durante todo el a\u00f1o y ofrece excursiones <br \/>hacia el Parque Nacional Torres del Paine (Chile) y Parque Nacional Los Glaciares (Calafate, Argentina)\u00a0<\/p>    <\/div>\n<\/div>\n<!-- \/module text --><!-- module image -->\n<div  class=\"module module-image tb_juuq370   image-top tf_mw\" data-lazy=\"1\">\n        <div class=\"image-wrap tf_rel tf_mw\">\n\t\t    <img src=\"http:\/\/hotelovejeropatagonico.com\/site\/wp-content\/uploads\/2019\/01\/MK-Cerro-Castillo-6-1.jpg\" title=\"Inicio\" alt=\"Inicio\">\t\n\t\t<\/div>\n\t<!-- \/image-wrap -->\n    \n    \t<\/div>\n<!-- \/module image --><!-- module text -->\n<div  class=\"module module-text tb_dozl313  repeat  wow\" data-tf-animation=\"fadeInLeft\" data-lazy=\"1\">\n        <div  class=\"tb_text_wrap\">\n    <h5>Cerro Castillo<br \/>puerta de entrada al PN Torres del Paine<\/h5>\n<p><b>Cerro Castillo<\/b>\u00a0es la capital de la\u00a0comuna Torres del Payne y la \u00faltima localidad antes de ingresar al Parque Nacional Torres del Paine. Se ubica a 60 km al norte de\u00a0<a title=\\\"Puerto Natales\\\" href=\\\"https:\/\/es.wikipedia.org\/wiki\/Puerto_Natales\\\" target=\\\"_blank\\\" rel=\\\"noopener\\\">Puerto Natales<\/a>. Cuenta con una poblaci\u00f3n aproximada de 450 habitantes, quienes en su mayor\u00eda desarrollan labores ganaderas.<\/p>\n<p>A solo 200 metros se encuentra el paso fronterizo R\u00edo Don Guillermo (Cancha Carrera) que permite acceder a territorio argentino, hacia El Calafate, (285 km.) El Chalt\u00e9n, el Glaciar Perito Moreno y a sus Parques Nacionales. El paso fronterizo esta operativo todos los d\u00edas entre 08.00 y 22.00 horas.<\/p>    <\/div>\n<\/div>\n<!-- \/module text --><!-- module buttons -->\n<div  class=\"module module-buttons tb_kmo2515 buttons-horizontal rounded  rounded wow\" data-tf-animation=\"fadeInLeft\" data-lazy=\"1\">\n\t\t<div class=\"module-buttons-item tf_inline_b\">\n\t\t\t\t\t\t<a href=\"http:\/\/hotelovejeropatagonico.com\/site\/habitaciones\/\" class=\"ui builder_button yellow\" >\n\t\t\t\t\t\t\t\t<span class=\"tf_inline_b tf_vmiddle\">Ver Habitaciones<\/span>\n\t\t\t\t\t\t\t\t\t\t\t\t<\/a>\n\t\t\t\t\t\t<\/div>\n\t\t\t<\/div>\n<!-- \/module buttons -->\n\t\t\t\t<\/div><!-- .tb-column-inner -->\n\t\t\t\t\t\t<\/div><!-- .module_column -->\n\t\t\t\t\t\t<\/div><!-- .row_inner -->\n\t\t<\/div><!-- .module_row -->\n\t\t\t\t\t\t\t\t<!-- module_row -->\n\t\t<div  data-css_id=\"8gp4506\" data-lazy=\"1\" class=\"module_row themify_builder_row fullwidth tb_8gp4506 tf_w tf_clearfix\">\n\t\t\t\t\t<div class=\"row_inner col_align_top tb_col_count_1 tf_box tf_rel\">\n\t\t\t\t\t<div  data-lazy=\"1\" class=\"module_column tb-column col-full tb_dlj6011 first\">\n\t\t\t\t\t\t\t\t\t<div class=\"tb-column-inner tf_box tf_w\">\n\t\t\t\t<!-- module fancy heading -->\n<div  class=\"module module-fancy-heading tb_b3m2251 \" data-lazy=\"1\">\n\t    <h1 class=\"fancy-heading tf_textc\">\n    <span class=\"main-head tf_block\">\n\t\t\t\t\t<span class=\"maketable\">\n\t\t\t\t\t\t\t<span class=\"addBorder\"><\/span>\n\t\t\t\t\t\t\t<span class=\"fork-icon\"><\/span>\n\t\t\t\t\t\t\t<span class=\"addBorder\"><\/span>\n\t\t\t\t\t\t\t<\/span>\n\t\t\t\t\t\t\tRESERVE AHORA\n\t\t\t\t\t\t\t<span class=\"bottomBorder\"><\/span>\t\t    <\/span>\n\n\t\n    <span class=\"sub-head tf_block tf_rel\">\n\t\t\t\t\tCONT\u00c1CTENOS\t\t    <\/span>\n    <\/h1>\n<\/div>\n<!-- \/module fancy heading -->\n<div  class=\"module themify_builder_slider_wrap tf_clearfix module-slider tb_xvtp330  slider-default  slide-image-fullwidth\" data-lazy=\"1\">\n        <div class=\"themify_builder_slider tf_carousel tf_swiper-container tf_rel tf_overflow\" data-lazy=\"1\"\t\tdata-tbreakpoints=\"1024\"\n\t\tdata-mbreakpoints=\"480\"\n\t\tdata-visible=\"4\"\n\t\tdata-tab-visible=\"\"\n\t\tdata-mob-visible=\"0\"\n\t\tdata-scroll=\"1\"\n\t\t\t\t\t\t\tdata-auto=\"3000\"\n\t\t\tdata-controller=\"0\"\n\t\t\tdata-pause_hover=\"1\"\n\t\t\t\tdata-speed=\"normal\"\n\t\tdata-wrapvar=\"1\"\n\t\tdata-slider_nav=\"0\"\n\t\tdata-pager=\"0\"\n\t\tdata-effect=\"cover-fade\" \n\t\tdata-height=\"auto\"\n\t\tdata-css_url=\"https:\/\/hotelovejeropatagonico.com\/site\/wp-content\/themes\/themify-ultra\/themify\/themify-builder\/css\/modules\/sliders\/carousel.css,https:\/\/hotelovejeropatagonico.com\/site\/wp-content\/themes\/themify-ultra\/themify\/themify-builder\/css\/modules\/sliders\/slider.css\"\n\t\t\t>\n\t\t<div class=\"tf_swiper-wrapper tf_lazy tf_rel tf_w tf_h tf_textc\">\n\t        <!-- module slider image -->\n\n                     <div class=\"tf_swiper-slide\">            <div class=\"slide-inner-wrap\">\n                                    <div class=\"tf_rel tf_lazy slide-image\">\n                                                                            <img src=\"data:image\/gif;base64,R0lGODlhAQABAIAAAAAAAP\/\/\/yH5BAEAAAAALAAAAAABAAEAAAIBRAA7\" data-lazy=\"1\" class=\"tf_svg_lazy\" decoding=\"async\" data-tf-src=\"http:\/\/hotelovejeropatagonico.com\/site\/wp-content\/uploads\/2018\/08\/Hotel-El-Ovejero-5.jpg\" width=\"360\" height=\"300\" title=\"Inicio\" alt=\"Inicio\"><noscript><img data-tf-not-load data-no-script src=\"http:\/\/hotelovejeropatagonico.com\/site\/wp-content\/uploads\/2018\/08\/Hotel-El-Ovejero-5.jpg\" width=\"360\" height=\"300\" title=\"Inicio\" alt=\"Inicio\"><\/noscript>                                            <\/div><!-- \/slide-image -->\n                \n                            <\/div>\n        <\/div><!-- .tf_swiper-slide -->                     <div class=\"tf_swiper-slide\">            <div class=\"slide-inner-wrap\">\n                                    <div class=\"tf_rel tf_lazy slide-image\">\n                                                                            <img src=\"data:image\/gif;base64,R0lGODlhAQABAIAAAAAAAP\/\/\/yH5BAEAAAAALAAAAAABAAEAAAIBRAA7\" data-lazy=\"1\" class=\"tf_svg_lazy\" decoding=\"async\" data-tf-src=\"http:\/\/hotelovejeropatagonico.com\/site\/wp-content\/uploads\/2018\/08\/Hotel-El-Ovejero-2.jpg\" width=\"360\" height=\"300\" title=\"Inicio\" alt=\"Inicio\"><noscript><img data-tf-not-load data-no-script src=\"http:\/\/hotelovejeropatagonico.com\/site\/wp-content\/uploads\/2018\/08\/Hotel-El-Ovejero-2.jpg\" width=\"360\" height=\"300\" title=\"Inicio\" alt=\"Inicio\"><\/noscript>                                            <\/div><!-- \/slide-image -->\n                \n                            <\/div>\n        <\/div><!-- .tf_swiper-slide -->                     <div class=\"tf_swiper-slide\">            <div class=\"slide-inner-wrap\">\n                                    <div class=\"tf_rel tf_lazy slide-image\">\n                                                                            <img src=\"data:image\/gif;base64,R0lGODlhAQABAIAAAAAAAP\/\/\/yH5BAEAAAAALAAAAAABAAEAAAIBRAA7\" data-lazy=\"1\" class=\"tf_svg_lazy\" decoding=\"async\" data-tf-src=\"http:\/\/hotelovejeropatagonico.com\/site\/wp-content\/uploads\/2018\/08\/Hotel-El-Ovejero-8.jpg\" width=\"360\" height=\"300\" title=\"Inicio\" alt=\"Inicio\"><noscript><img data-tf-not-load data-no-script src=\"http:\/\/hotelovejeropatagonico.com\/site\/wp-content\/uploads\/2018\/08\/Hotel-El-Ovejero-8.jpg\" width=\"360\" height=\"300\" title=\"Inicio\" alt=\"Inicio\"><\/noscript>                                            <\/div><!-- \/slide-image -->\n                \n                            <\/div>\n        <\/div><!-- .tf_swiper-slide -->                     <div class=\"tf_swiper-slide\">            <div class=\"slide-inner-wrap\">\n                                    <div class=\"tf_rel tf_lazy slide-image\">\n                                                                            <img src=\"data:image\/gif;base64,R0lGODlhAQABAIAAAAAAAP\/\/\/yH5BAEAAAAALAAAAAABAAEAAAIBRAA7\" data-lazy=\"1\" class=\"tf_svg_lazy\" decoding=\"async\" data-tf-src=\"http:\/\/hotelovejeropatagonico.com\/site\/wp-content\/uploads\/2018\/08\/Hotel-El-Ovejero-12.jpg\" width=\"360\" height=\"300\" title=\"Inicio\" alt=\"Inicio\"><noscript><img data-tf-not-load data-no-script src=\"http:\/\/hotelovejeropatagonico.com\/site\/wp-content\/uploads\/2018\/08\/Hotel-El-Ovejero-12.jpg\" width=\"360\" height=\"300\" title=\"Inicio\" alt=\"Inicio\"><\/noscript>                                            <\/div><!-- \/slide-image -->\n                \n                            <\/div>\n        <\/div><!-- .tf_swiper-slide -->                     <div class=\"tf_swiper-slide\">            <div class=\"slide-inner-wrap\">\n                                    <div class=\"tf_rel tf_lazy slide-image\">\n                                                                            <img src=\"data:image\/gif;base64,R0lGODlhAQABAIAAAAAAAP\/\/\/yH5BAEAAAAALAAAAAABAAEAAAIBRAA7\" data-lazy=\"1\" class=\"tf_svg_lazy\" decoding=\"async\" data-tf-src=\"http:\/\/hotelovejeropatagonico.com\/site\/wp-content\/uploads\/2018\/08\/Hotel-El-Ovejero-4.jpg\" width=\"360\" height=\"300\" title=\"Inicio\" alt=\"Inicio\"><noscript><img data-tf-not-load data-no-script src=\"http:\/\/hotelovejeropatagonico.com\/site\/wp-content\/uploads\/2018\/08\/Hotel-El-Ovejero-4.jpg\" width=\"360\" height=\"300\" title=\"Inicio\" alt=\"Inicio\"><\/noscript>                                            <\/div><!-- \/slide-image -->\n                \n                            <\/div>\n        <\/div><!-- .tf_swiper-slide -->                     <div class=\"tf_swiper-slide\">            <div class=\"slide-inner-wrap\">\n                                    <div class=\"tf_rel tf_lazy slide-image\">\n                                                                            <img src=\"data:image\/gif;base64,R0lGODlhAQABAIAAAAAAAP\/\/\/yH5BAEAAAAALAAAAAABAAEAAAIBRAA7\" data-lazy=\"1\" class=\"tf_svg_lazy\" decoding=\"async\" data-tf-src=\"http:\/\/hotelovejeropatagonico.com\/site\/wp-content\/uploads\/2018\/08\/Hotel-El-Ovejero-1.jpg\" width=\"360\" height=\"300\" title=\"Inicio\" alt=\"Inicio\"><noscript><img data-tf-not-load data-no-script src=\"http:\/\/hotelovejeropatagonico.com\/site\/wp-content\/uploads\/2018\/08\/Hotel-El-Ovejero-1.jpg\" width=\"360\" height=\"300\" title=\"Inicio\" alt=\"Inicio\"><\/noscript>                                            <\/div><!-- \/slide-image -->\n                \n                            <\/div>\n        <\/div><!-- .tf_swiper-slide -->                     <div class=\"tf_swiper-slide\">            <div class=\"slide-inner-wrap\">\n                                    <div class=\"tf_rel tf_lazy slide-image\">\n                                                                            <img src=\"data:image\/gif;base64,R0lGODlhAQABAIAAAAAAAP\/\/\/yH5BAEAAAAALAAAAAABAAEAAAIBRAA7\" data-lazy=\"1\" class=\"tf_svg_lazy\" decoding=\"async\" data-tf-src=\"http:\/\/hotelovejeropatagonico.com\/site\/wp-content\/uploads\/2018\/08\/Hotel-El-Ovejero-25.jpg\" width=\"360\" height=\"300\" title=\"Inicio\" alt=\"Inicio\"><noscript><img data-tf-not-load data-no-script src=\"http:\/\/hotelovejeropatagonico.com\/site\/wp-content\/uploads\/2018\/08\/Hotel-El-Ovejero-25.jpg\" width=\"360\" height=\"300\" title=\"Inicio\" alt=\"Inicio\"><\/noscript>                                            <\/div><!-- \/slide-image -->\n                \n                            <\/div>\n        <\/div><!-- .tf_swiper-slide -->                     <div class=\"tf_swiper-slide\">            <div class=\"slide-inner-wrap\">\n                                    <div class=\"tf_rel tf_lazy slide-image\">\n                                                                            <img src=\"data:image\/gif;base64,R0lGODlhAQABAIAAAAAAAP\/\/\/yH5BAEAAAAALAAAAAABAAEAAAIBRAA7\" data-lazy=\"1\" class=\"tf_svg_lazy\" decoding=\"async\" data-tf-src=\"http:\/\/hotelovejeropatagonico.com\/site\/wp-content\/uploads\/2018\/08\/Hotel-El-Ovejero-34.jpg\" width=\"360\" height=\"300\" title=\"Inicio\" alt=\"Inicio\"><noscript><img data-tf-not-load data-no-script src=\"http:\/\/hotelovejeropatagonico.com\/site\/wp-content\/uploads\/2018\/08\/Hotel-El-Ovejero-34.jpg\" width=\"360\" height=\"300\" title=\"Inicio\" alt=\"Inicio\"><\/noscript>                                            <\/div><!-- \/slide-image -->\n                \n                            <\/div>\n        <\/div><!-- .tf_swiper-slide -->                     <div class=\"tf_swiper-slide\">            <div class=\"slide-inner-wrap\">\n                                    <div class=\"tf_rel tf_lazy slide-image\">\n                                                                            <img src=\"data:image\/gif;base64,R0lGODlhAQABAIAAAAAAAP\/\/\/yH5BAEAAAAALAAAAAABAAEAAAIBRAA7\" data-lazy=\"1\" class=\"tf_svg_lazy\" decoding=\"async\" data-tf-src=\"http:\/\/hotelovejeropatagonico.com\/site\/wp-content\/uploads\/2018\/08\/Hotel-El-Ovejero-9.jpg\" width=\"360\" height=\"300\" title=\"Inicio\" alt=\"Inicio\"><noscript><img data-tf-not-load data-no-script src=\"http:\/\/hotelovejeropatagonico.com\/site\/wp-content\/uploads\/2018\/08\/Hotel-El-Ovejero-9.jpg\" width=\"360\" height=\"300\" title=\"Inicio\" alt=\"Inicio\"><\/noscript>                                            <\/div><!-- \/slide-image -->\n                \n                            <\/div>\n        <\/div><!-- .tf_swiper-slide -->    \t    <\/div>\n    <\/div>\n<\/div>\n\t\t\t\t<\/div><!-- .tb-column-inner -->\n\t\t\t\t\t\t<\/div><!-- .module_column -->\n\t\t\t\t\t\t<\/div><!-- .row_inner -->\n\t\t<\/div><!-- .module_row -->\n\t\t\t\t\t\t\t\t<!-- module_row -->\n\t\t<div  data-parallax-bg=\"desktop\" data-lazy=\"1\" class=\"module_row themify_builder_row tb_25au801 tf_w tf_clearfix\">\n\t\t<div class=\"builder_row_cover tf_abs\"><\/div>\t\t\t<div class=\"row_inner col_align_top tb_col_count_1 tf_box tf_rel\">\n\t\t\t\t\t<div  data-lazy=\"1\" class=\"module_column tb-column col-full tb_tadw053 first\">\n\t\t\t\t\t\t\t\t\t<div class=\"tb-column-inner tf_box tf_w\">\n\t\t\t\t<!-- module text -->\n<div  class=\"module module-text tb_qstx909  repeat  wow\" data-tf-animation=\"fadeInDown\" data-lazy=\"1\">\n        <div  class=\"tb_text_wrap\">\n    <h5><em>Para Reservar, simplemente haga click en el bot\u00f3n.<\/em>\u00a0<\/h5>    <\/div>\n<\/div>\n<!-- \/module text --><!-- module buttons -->\n<div  class=\"module module-buttons tb_xa41005 buttons-horizontal outline  squared wow\" data-tf-animation=\"fadeInUp\" data-lazy=\"1\">\n\t\t<div class=\"module-buttons-item tf_inline_b\">\n\t\t\t\t\t\t<a href=\"http:\/\/hotelovejeropatagonico.com\/site\/contacto\" class=\"ui builder_button yellow\" target=\"_blank\" rel=\"noopener\">\n\t\t\t\t\t\t\t\t<span class=\"tf_inline_b tf_vmiddle\">RESERVAS<\/span>\n\t\t\t\t\t\t\t\t\t\t\t\t<\/a>\n\t\t\t\t\t\t<\/div>\n\t\t\t<\/div>\n<!-- \/module buttons -->\n\t\t\t\t<\/div><!-- .tb-column-inner -->\n\t\t\t\t\t\t<\/div><!-- .module_column -->\n\t\t\t\t\t\t<\/div><!-- .row_inner -->\n\t\t<\/div><!-- .module_row -->\n\t\t\t\t<\/div>\n<!--\/themify_builder_content-->","protected":false},"excerpt":{"rendered":"<p>\u00a1Bienvenido! El Ovejero Patag\u00f3nicoNosotros Un Hotel en medio de la pampa patag\u00f3nica. El ovejero patag\u00f3nico es el hombre de campo que cuida el ganado y lo protege de los fr\u00edos m\u00e1s australes. Es un hombre sereno, de pocas palabras, que toma su mate caliente y recorre la pampa en su caballo. Nuestro hotel le da [&hellip;]<\/p>\n","protected":false},"author":1,"featured_media":0,"parent":0,"menu_order":0,"comment_status":"closed","ping_status":"closed","template":"","meta":{"footnotes":""},"builder_content":"<h2>\u00a1Bienvenido!<br\/><\/h2>\n\n<h2>El Ovejero Patag\u00f3nico<br\/>Nosotros<\/h2>\n<h5>Un Hotel en medio de la pampa patag\u00f3nica.<\/h5> <p>El ovejero patag\u00f3nico es el hombre de campo que cuida el ganado y lo protege de los fr\u00edos m\u00e1s australes. Es un hombre sereno, de pocas palabras, que toma su mate caliente y recorre la pampa en su caballo.<\/p> <p>Nuestro hotel le da la bienvenida y le invita a conocer las actividades del campo en pleno Cerro Castillo donde nuestra familia ha trabajado por d\u00e9cadas a s\u00f3lo unos cuantos kil\u00f3metros del parque Nacional Torres del Paine.<\/p> <p>El hotel recibe hu\u00e9spedes durante todo el a\u00f1o y ofrece excursiones <br \/>hacia el Parque Nacional Torres del Paine (Chile) y Parque Nacional Los Glaciares (Calafate, Argentina)\u00a0<\/p>\n<img src=\"http:\/\/hotelovejeropatagonico.com\/site\/wp-content\/uploads\/2019\/01\/MK-Cerro-Castillo-6-1.jpg\" title=\"Inicio\" alt=\"Inicio\">\n<h5>Cerro Castillo<br \/>puerta de entrada al PN Torres del Paine<\/h5> <p><b>Cerro Castillo<\/b>\u00a0es la capital de la\u00a0comuna Torres del Payne y la \u00faltima localidad antes de ingresar al Parque Nacional Torres del Paine. Se ubica a 60 km al norte de\u00a0<a title=\\\"Puerto Natales\\\" href=\\\"https:\/\/es.wikipedia.org\/wiki\/Puerto_Natales\\\" target=\\\"_blank\\\" rel=\\\"noopener\\\">Puerto Natales<\/a>. Cuenta con una poblaci\u00f3n aproximada de 450 habitantes, quienes en su mayor\u00eda desarrollan labores ganaderas.<\/p> <p>A solo 200 metros se encuentra el paso fronterizo R\u00edo Don Guillermo (Cancha Carrera) que permite acceder a territorio argentino, hacia El Calafate, (285 km.) El Chalt\u00e9n, el Glaciar Perito Moreno y a sus Parques Nacionales. El paso fronterizo esta operativo todos los d\u00edas entre 08.00 y 22.00 horas.<\/p>\n<a href=\"http:\/\/hotelovejeropatagonico.com\/site\/habitaciones\/\" > Ver Habitaciones <\/a>\n<h1>RESERVE AHORA<br\/>CONT\u00c1CTENOS<\/h1>\n<img src=\"data:image\/gif;base64,R0lGODlhAQABAIAAAAAAAP\/\/\/yH5BAEAAAAALAAAAAABAAEAAAIBRAA7\" data-lazy=\"1\" decoding=\"async\" data-tf-src=\"http:\/\/hotelovejeropatagonico.com\/site\/wp-content\/uploads\/2018\/08\/Hotel-El-Ovejero-5.jpg\" width=\"360\" height=\"300\" title=\"Inicio\" alt=\"Inicio\"><noscript><img data-tf-not-load data-no-script src=\"http:\/\/hotelovejeropatagonico.com\/site\/wp-content\/uploads\/2018\/08\/Hotel-El-Ovejero-5.jpg\" width=\"360\" height=\"300\" title=\"Inicio\" alt=\"Inicio\"><\/noscript> <img src=\"data:image\/gif;base64,R0lGODlhAQABAIAAAAAAAP\/\/\/yH5BAEAAAAALAAAAAABAAEAAAIBRAA7\" data-lazy=\"1\" decoding=\"async\" data-tf-src=\"http:\/\/hotelovejeropatagonico.com\/site\/wp-content\/uploads\/2018\/08\/Hotel-El-Ovejero-2.jpg\" width=\"360\" height=\"300\" title=\"Inicio\" alt=\"Inicio\"><noscript><img data-tf-not-load data-no-script src=\"http:\/\/hotelovejeropatagonico.com\/site\/wp-content\/uploads\/2018\/08\/Hotel-El-Ovejero-2.jpg\" width=\"360\" height=\"300\" title=\"Inicio\" alt=\"Inicio\"><\/noscript> <img src=\"data:image\/gif;base64,R0lGODlhAQABAIAAAAAAAP\/\/\/yH5BAEAAAAALAAAAAABAAEAAAIBRAA7\" data-lazy=\"1\" decoding=\"async\" data-tf-src=\"http:\/\/hotelovejeropatagonico.com\/site\/wp-content\/uploads\/2018\/08\/Hotel-El-Ovejero-8.jpg\" width=\"360\" height=\"300\" title=\"Inicio\" alt=\"Inicio\"><noscript><img data-tf-not-load data-no-script src=\"http:\/\/hotelovejeropatagonico.com\/site\/wp-content\/uploads\/2018\/08\/Hotel-El-Ovejero-8.jpg\" width=\"360\" height=\"300\" title=\"Inicio\" alt=\"Inicio\"><\/noscript> <img src=\"data:image\/gif;base64,R0lGODlhAQABAIAAAAAAAP\/\/\/yH5BAEAAAAALAAAAAABAAEAAAIBRAA7\" data-lazy=\"1\" decoding=\"async\" data-tf-src=\"http:\/\/hotelovejeropatagonico.com\/site\/wp-content\/uploads\/2018\/08\/Hotel-El-Ovejero-12.jpg\" width=\"360\" height=\"300\" title=\"Inicio\" alt=\"Inicio\"><noscript><img data-tf-not-load data-no-script src=\"http:\/\/hotelovejeropatagonico.com\/site\/wp-content\/uploads\/2018\/08\/Hotel-El-Ovejero-12.jpg\" width=\"360\" height=\"300\" title=\"Inicio\" alt=\"Inicio\"><\/noscript> <img src=\"data:image\/gif;base64,R0lGODlhAQABAIAAAAAAAP\/\/\/yH5BAEAAAAALAAAAAABAAEAAAIBRAA7\" data-lazy=\"1\" decoding=\"async\" data-tf-src=\"http:\/\/hotelovejeropatagonico.com\/site\/wp-content\/uploads\/2018\/08\/Hotel-El-Ovejero-4.jpg\" width=\"360\" height=\"300\" title=\"Inicio\" alt=\"Inicio\"><noscript><img data-tf-not-load data-no-script src=\"http:\/\/hotelovejeropatagonico.com\/site\/wp-content\/uploads\/2018\/08\/Hotel-El-Ovejero-4.jpg\" width=\"360\" height=\"300\" title=\"Inicio\" alt=\"Inicio\"><\/noscript> <img src=\"data:image\/gif;base64,R0lGODlhAQABAIAAAAAAAP\/\/\/yH5BAEAAAAALAAAAAABAAEAAAIBRAA7\" data-lazy=\"1\" decoding=\"async\" data-tf-src=\"http:\/\/hotelovejeropatagonico.com\/site\/wp-content\/uploads\/2018\/08\/Hotel-El-Ovejero-1.jpg\" width=\"360\" height=\"300\" title=\"Inicio\" alt=\"Inicio\"><noscript><img data-tf-not-load data-no-script src=\"http:\/\/hotelovejeropatagonico.com\/site\/wp-content\/uploads\/2018\/08\/Hotel-El-Ovejero-1.jpg\" width=\"360\" height=\"300\" title=\"Inicio\" alt=\"Inicio\"><\/noscript> <img src=\"data:image\/gif;base64,R0lGODlhAQABAIAAAAAAAP\/\/\/yH5BAEAAAAALAAAAAABAAEAAAIBRAA7\" data-lazy=\"1\" decoding=\"async\" data-tf-src=\"http:\/\/hotelovejeropatagonico.com\/site\/wp-content\/uploads\/2018\/08\/Hotel-El-Ovejero-25.jpg\" width=\"360\" height=\"300\" title=\"Inicio\" alt=\"Inicio\"><noscript><img data-tf-not-load data-no-script src=\"http:\/\/hotelovejeropatagonico.com\/site\/wp-content\/uploads\/2018\/08\/Hotel-El-Ovejero-25.jpg\" width=\"360\" height=\"300\" title=\"Inicio\" alt=\"Inicio\"><\/noscript> <img src=\"data:image\/gif;base64,R0lGODlhAQABAIAAAAAAAP\/\/\/yH5BAEAAAAALAAAAAABAAEAAAIBRAA7\" data-lazy=\"1\" decoding=\"async\" data-tf-src=\"http:\/\/hotelovejeropatagonico.com\/site\/wp-content\/uploads\/2018\/08\/Hotel-El-Ovejero-34.jpg\" width=\"360\" height=\"300\" title=\"Inicio\" alt=\"Inicio\"><noscript><img data-tf-not-load data-no-script src=\"http:\/\/hotelovejeropatagonico.com\/site\/wp-content\/uploads\/2018\/08\/Hotel-El-Ovejero-34.jpg\" width=\"360\" height=\"300\" title=\"Inicio\" alt=\"Inicio\"><\/noscript> <img src=\"data:image\/gif;base64,R0lGODlhAQABAIAAAAAAAP\/\/\/yH5BAEAAAAALAAAAAABAAEAAAIBRAA7\" data-lazy=\"1\" decoding=\"async\" data-tf-src=\"http:\/\/hotelovejeropatagonico.com\/site\/wp-content\/uploads\/2018\/08\/Hotel-El-Ovejero-9.jpg\" width=\"360\" height=\"300\" title=\"Inicio\" alt=\"Inicio\"><noscript><img data-tf-not-load data-no-script src=\"http:\/\/hotelovejeropatagonico.com\/site\/wp-content\/uploads\/2018\/08\/Hotel-El-Ovejero-9.jpg\" width=\"360\" height=\"300\" title=\"Inicio\" alt=\"Inicio\"><\/noscript>\n<h5><em>Para Reservar, simplemente haga click en el bot\u00f3n.<\/em>\u00a0<\/h5>\n<a href=\"http:\/\/hotelovejeropatagonico.com\/site\/contacto\" target=\"_blank\" rel=\"noopener\"> RESERVAS <\/a>","_links":{"self":[{"href":"https:\/\/hotelovejeropatagonico.com\/site\/wp-json\/wp\/v2\/pages\/25"}],"collection":[{"href":"https:\/\/hotelovejeropatagonico.com\/site\/wp-json\/wp\/v2\/pages"}],"about":[{"href":"https:\/\/hotelovejeropatagonico.com\/site\/wp-json\/wp\/v2\/types\/page"}],"author":[{"embeddable":true,"href":"https:\/\/hotelovejeropatagonico.com\/site\/wp-json\/wp\/v2\/users\/1"}],"replies":[{"embeddable":true,"href":"https:\/\/hotelovejeropatagonico.com\/site\/wp-json\/wp\/v2\/comments?post=25"}],"version-history":[{"count":64,"href":"https:\/\/hotelovejeropatagonico.com\/site\/wp-json\/wp\/v2\/pages\/25\/revisions"}],"predecessor-version":[{"id":543,"href":"https:\/\/hotelovejeropatagonico.com\/site\/wp-json\/wp\/v2\/pages\/25\/revisions\/543"}],"wp:attachment":[{"href":"https:\/\/hotelovejeropatagonico.com\/site\/wp-json\/wp\/v2\/media?parent=25"}],"curies":[{"name":"wp","href":"https:\/\/api.w.org\/{rel}","templated":true}]}}